{"id":90,"date":"2021-06-20T11:37:25","date_gmt":"2021-06-20T11:37:25","guid":{"rendered":"https:\/\/www.bursachiptuning.com\/?page_id=90"},"modified":"2022-01-17T06:36:24","modified_gmt":"2022-01-17T06:36:24","slug":"iletisim-ecustop-bursa","status":"publish","type":"page","link":"https:\/\/www.otobilisim.com\/hizmet\/iletisim-ecustop-bursa\/","title":{"rendered":"\u0130leti\u015fim"},"content":{"rendered":"<p style=\"text-align: center;\"><strong>OTO B\u0130L\u0130\u015e\u0130M | ARA\u00c7 ARIZA TAK\u0130P C\u0130HAZLARI ve PERFORMANS YAZILIMLARI<\/strong><\/p>\n<p style=\"text-align: center;\">&nbsp;<\/p>\n<p>\u0130stedi\u011finiz \u00dcr\u00fcne ait detayl\u0131 bilgi, fiyat i\u00e7in bizi arayabilir veya Whatsapp dan destek alabilirsiniz !<\/p>\n<h4 style=\"text-align: center;\"><a href=\"tel:0224 441 16 26\"><strong>0224 441 16 26<\/strong><\/a>&nbsp; |&nbsp;&nbsp;<a href=\"tel:05315731363\"><strong>0531&nbsp;573 13 63<\/strong><\/a><\/h4>\n<p>WhatsApp \u00fczerinden mesajla\u015farak sorular\u0131n\u0131z\u0131, hizmet ve \u00fcr\u00fcnler hakk\u0131nda destek alabilirsiniz!<\/p>\n<p><a href=\"https:\/\/api.whatsapp.com\/send?phone=+905315731363&amp;text=otobilisim.com%20WhatsApp%20Destek\"><img loading=\"lazy\" class=\"wp-image-388 size-full aligncenter\" src=\"https:\/\/www.otobilisim.com\/wp-content\/uploads\/2022\/01\/whatsappotobilisim.jpg\" alt=\"\" width=\"400\" height=\"73\" srcset=\"https:\/\/www.otobilisim.com\/hizmet\/wp-content\/uploads\/2022\/01\/whatsappotobilisim.jpg 400w, https:\/\/www.otobilisim.com\/hizmet\/wp-content\/uploads\/2022\/01\/whatsappotobilisim-300x55.jpg 300w\" sizes=\"(max-width: 400px) 100vw, 400px\" \/><\/a><\/p>\n<hr>\n<p>Volkswagen, Seat, Opel, Honda, Fiat, Toyota, Alfa Romeo, Skoda, Mazda, Renault, Chevrolet, Ford, Kia, Hyundai, Peugeot, Citroen, Subaru ve di\u011fer markalara hizmet verilmektedir.<\/p>\n<p>V\u0130P H\u0130ZMET\u0130M\u0130Z Porsche, Mini, Land Rover, Mercedes, Bmw, Audi, Volvo ara\u00e7lar\u0131n\u0131z i\u00e7in l\u00fctfen bizi aray\u0131n!<\/p>\n<p style=\"text-align: center;\"><strong><a href=\"http:\/\/www.facebook.com\/otobilisim\">FACEBOOK<\/a> | | | <a href=\"http:\/\/www.instagram.com\/otobilisim\">INSTAGRAM<\/a><\/strong><\/p>\n<h4 style=\"text-align: center;\">\u00dc\u00e7evler Mah. Tanay Cd. No:23\/3<\/h4>\n<p>&nbsp;<\/p>\n<hr>\n<p><iframe loading=\"lazy\" style=\"border: 0;\" src=\"https:\/\/www.google.com\/maps\/embed?pb=!1m18!1m12!1m3!1d3046.9472070038673!2d28.947306215389645!3d40.21023727938956!2m3!1f0!2f0!3f0!3m2!1i1024!2i768!4f13.1!3m3!1m2!1s0x0%3A0x519c9c9843a5a121!2sECUSTOP%20BURSA%2C%20Oto%20Performans%20Yaz%C4%B1l%C4%B1mlar%C4%B1!5e0!3m2!1str!2str!4v1624188935640!5m2!1str!2str\" width=\"1920\" height=\"400\" allowfullscreen=\"allowfullscreen\"><\/iframe><\/p>\n","protected":false},"excerpt":{"rendered":"<p>OTO B\u0130L\u0130\u015e\u0130M | ARA\u00c7 ARIZA TAK\u0130P C\u0130HAZLARI ve PERFORMANS YAZILIMLARI &nbsp; \u0130stedi\u011finiz \u00dcr\u00fcne ait detayl\u0131 bilgi, fiyat i\u00e7in bizi arayabilir veya Whatsapp dan destek alabilirsiniz ! 0224 441 16 26&nbsp; |&nbsp;&nbsp;0531&nbsp;573 13 63 WhatsApp \u00fczerinden mesajla\u015farak sorular\u0131n\u0131z\u0131, hizmet ve \u00fcr\u00fcnler hakk\u0131nda destek alabilirsiniz! Volkswagen, Seat, Opel, Honda, Fiat, Toyota, Alfa Romeo, Skoda, Mazda, Renault, Chevrolet, [&hellip;]<\/p>\n","protected":false},"author":1,"featured_media":0,"parent":0,"menu_order":0,"comment_status":"closed","ping_status":"closed","template":"","meta":{"ngg_post_thumbnail":0},"aioseo_notices":[],"_links":{"self":[{"href":"https:\/\/www.otobilisim.com\/hizmet\/wp-json\/wp\/v2\/pages\/90"}],"collection":[{"href":"https:\/\/www.otobilisim.com\/hizmet\/wp-json\/wp\/v2\/pages"}],"about":[{"href":"https:\/\/www.otobilisim.com\/hizmet\/wp-json\/wp\/v2\/types\/page"}],"author":[{"embeddable":true,"href":"https:\/\/www.otobilisim.com\/hizmet\/wp-json\/wp\/v2\/users\/1"}],"replies":[{"embeddable":true,"href":"https:\/\/www.otobilisim.com\/hizmet\/wp-json\/wp\/v2\/comments?post=90"}],"version-history":[{"count":6,"href":"https:\/\/www.otobilisim.com\/hizmet\/wp-json\/wp\/v2\/pages\/90\/revisions"}],"predecessor-version":[{"id":92,"href":"https:\/\/www.otobilisim.com\/hizmet\/wp-json\/wp\/v2\/pages\/90\/revisions\/92"}],"wp:attachment":[{"href":"https:\/\/www.otobilisim.com\/hizmet\/wp-json\/wp\/v2\/media?parent=90"}],"curies":[{"name":"wp","href":"https:\/\/api.w.org\/{rel}","templated":true}]}}