{"id":64,"date":"2021-06-20T09:57:57","date_gmt":"2021-06-20T09:57:57","guid":{"rendered":"https:\/\/www.bursachiptuning.com\/?page_id=64"},"modified":"2022-01-17T06:31:27","modified_gmt":"2022-01-17T06:31:27","slug":"ariza-kodu-dtc-silme","status":"publish","type":"page","link":"https:\/\/www.otobilisim.com\/hizmet\/ariza-kodu-dtc-silme\/","title":{"rendered":"Ar\u0131za Kodu (DTC) Silme"},"content":{"rendered":"<p>DTC sistemine sahip olan ara\u00e7larda bir ar\u0131za meydana geldi\u011fi zaman bu ar\u0131za DTC sistemine kay\u0131t edilmektedir. Ar\u0131za kayd\u0131 ile bir harf ve rakamlarda meydana gelen bir kod ile ifade edilir. Bu koda ise ar\u0131za kodu ad\u0131 verilmektedir. Peki, neden ar\u0131za kodu olarak de\u011fil de DTC olarak adland\u0131r\u0131yoruz?<\/p>\n<p>\u00d6ncelikle bilmeniz gereken \u015fey ar\u0131za kodunun \u0130ngilizce yaz\u0131m\u0131n\u0131n DTC\u2019dir. A\u00e7\u0131l\u0131m\u0131 Diagnostic Trouble Code olan bu sistem sayesinde motorlu bir ara\u00e7 i\u00e7erisinde ar\u0131za yani hata meydana geldi\u011fi zaman ar\u0131za sisteminde kay\u0131t alt\u0131na al\u0131nmaktad\u0131r. Bunun yan\u0131 s\u0131ra g\u00f6sterge panelinde de motor ar\u0131za lambas\u0131 ya da var ise sistemin kendisine ait olan uyar\u0131 lambas\u0131 yanarak size bir ar\u0131za oldu\u011funu bildirecektir.<\/p>\n<hr>\n<p>\u0130stedi\u011finiz \u00dcr\u00fcne ait detayl\u0131 bilgi, fiyat i\u00e7in bizi arayabilir veya Whatsapp dan destek alabilirsiniz !<\/p>\n<h4 style=\"text-align: center;\"><a href=\"tel:0224 441 16 26\"><strong>0224 441 16 26<\/strong><\/a>&nbsp; |&nbsp;&nbsp;<a href=\"tel:05315731363\"><strong>0531&nbsp;573 13 63<\/strong><\/a><\/h4>\n<p>WhatsApp \u00fczerinden mesajla\u015farak sorular\u0131n\u0131z\u0131, hizmet ve \u00fcr\u00fcnler hakk\u0131nda destek alabilirsiniz!<\/p>\n<p><a href=\"https:\/\/api.whatsapp.com\/send?phone=+905315731363&amp;text=otobilisim.com%20WhatsApp%20Destek\"><img loading=\"lazy\" class=\"wp-image-388 size-full aligncenter\" src=\"https:\/\/www.otobilisim.com\/wp-content\/uploads\/2022\/01\/whatsappotobilisim.jpg\" alt=\"\" width=\"400\" height=\"73\" srcset=\"https:\/\/www.otobilisim.com\/hizmet\/wp-content\/uploads\/2022\/01\/whatsappotobilisim.jpg 400w, https:\/\/www.otobilisim.com\/hizmet\/wp-content\/uploads\/2022\/01\/whatsappotobilisim-300x55.jpg 300w\" sizes=\"(max-width: 400px) 100vw, 400px\" \/><\/a><\/p>\n<hr>\n<p>Volkswagen, Seat, Opel, Honda, Fiat, Toyota, Alfa Romeo, Skoda, Mazda, Renault, Chevrolet, Ford, Kia, Hyundai, Peugeot, Citroen, Subaru ve di\u011fer markalara hizmet verilmektedir.<\/p>\n<p>V\u0130P H\u0130ZMET\u0130M\u0130Z Porsche, Mini, Land Rover, Mercedes, Bmw, Audi, Volvo ara\u00e7lar\u0131n\u0131z i\u00e7in l\u00fctfen bizi aray\u0131n!<\/p>\n<hr \/>\n<p><strong>Check Eng\u0131ne Nedir?<\/strong><\/p>\n<p>Genellikle sar\u0131 renkli motor ar\u0131za lambas\u0131 yani orijinal ad\u0131 ile telaffuz edecek olur isek check engine y\u00fczlerce farkl\u0131 neden ve ar\u0131zalardan dolay\u0131 yanabilmektedir. Bu durumda ar\u0131zan\u0131n diyagnoz yani te\u015fhis edilmesi ve en k\u0131sa i\u00e7erisinde yetkin bir servise arac\u0131n g\u00f6t\u00fcr\u00fclmesi gerekmektedir. Ar\u0131zan\u0131n te\u015fhis edilmesi ve bundan sonra de\u011fi\u015fim ve onar\u0131m i\u015flemine ge\u00e7ilebilmesi i\u00e7in ise arac\u0131n\u00a0<strong>Ar\u0131za kodu (DTC silme)\u00a0<\/strong>panelinde yer alan b\u00fct\u00fcn sorunlar\u0131n dikkatli bir \u015fekilde ele al\u0131nmas\u0131 gerekmektedir.<\/p>\n<p><strong>Obd Sistemi Ne \u0130\u015fe Yarar?<\/strong><\/p>\n<p>Arac\u0131n ar\u0131zas\u0131n\u0131n tam olarak giderilebilmesi i\u00e7in OBD sistemine bir diyagnostik test cihaz\u0131 yani ar\u0131za te\u015fhis cihaz\u0131n\u0131n ba\u011flanmas\u0131 gerekti\u011fini de unutmadan eklememiz gerekmektedir. Zira tek ba\u015f\u0131na\u00a0<strong>Ar\u0131za kodu (DTC silme)\u00a0<\/strong>panelinden bir arac\u0131n tamir edilmesi m\u00fcmk\u00fcn de\u011fildir.<\/p>\n<p><strong>Hata-Ar\u0131za Kodlar\u0131<\/strong><\/p>\n<p>Hata ar\u0131za kodlar\u0131 OBD ar\u0131za kodu ya da DTC kodu olarak belirtilebilir. Bu kodlar ise genel olarak bir harf ve 4 adet rakamdan olu\u015fmaktad\u0131r. Buna bir \u00f6rnek verecek olur isek P0010 DTC kodlar\u0131 g\u00fcn\u00fcm\u00fczde en yayg\u0131n olarak kodlar\u0131n ba\u015f\u0131nda gelmektedir. Bunun yan\u0131 s\u0131ra DTC kodu olan fakat kullan\u0131m\u0131 yayg\u0131n olmayan ar\u0131za kodlar\u0131 da bulunmaktad\u0131r.<\/p>\n<p>Bunun i\u00e7in de bir \u00f6rnek verecek olur isek P0010 DTC ar\u0131za kodu ile ifade edilen eksantrik milli zamanlay\u0131c\u0131 aktivat\u00f6r\u00fc ar\u0131zas\u0131 16394 kodu ile de ifade edilmektedir. Fakat ilk ba\u015fta s\u00f6ylemi\u015f oldu\u011fumuz gibi harflerin yaz\u0131l\u0131 olmad\u0131\u011f\u0131 bu kodlar\u0131n kullan\u0131m\u0131 pek yayg\u0131n de\u011fildir.<\/p>\n","protected":false},"excerpt":{"rendered":"<p>DTC sistemine sahip olan ara\u00e7larda bir ar\u0131za meydana geldi\u011fi zaman bu ar\u0131za DTC sistemine kay\u0131t edilmektedir. Ar\u0131za kayd\u0131 ile bir harf ve rakamlarda meydana gelen bir kod ile ifade edilir. Bu koda ise ar\u0131za kodu ad\u0131 verilmektedir. Peki, neden ar\u0131za kodu olarak de\u011fil de DTC olarak adland\u0131r\u0131yoruz? \u00d6ncelikle bilmeniz gereken \u015fey ar\u0131za kodunun \u0130ngilizce yaz\u0131m\u0131n\u0131n [&hellip;]<\/p>\n","protected":false},"author":1,"featured_media":67,"parent":0,"menu_order":0,"comment_status":"closed","ping_status":"closed","template":"","meta":{"ngg_post_thumbnail":0},"aioseo_notices":[],"_links":{"self":[{"href":"https:\/\/www.otobilisim.com\/hizmet\/wp-json\/wp\/v2\/pages\/64"}],"collection":[{"href":"https:\/\/www.otobilisim.com\/hizmet\/wp-json\/wp\/v2\/pages"}],"about":[{"href":"https:\/\/www.otobilisim.com\/hizmet\/wp-json\/wp\/v2\/types\/page"}],"author":[{"embeddable":true,"href":"https:\/\/www.otobilisim.com\/hizmet\/wp-json\/wp\/v2\/users\/1"}],"replies":[{"embeddable":true,"href":"https:\/\/www.otobilisim.com\/hizmet\/wp-json\/wp\/v2\/comments?post=64"}],"version-history":[{"count":4,"href":"https:\/\/www.otobilisim.com\/hizmet\/wp-json\/wp\/v2\/pages\/64\/revisions"}],"predecessor-version":[{"id":461,"href":"https:\/\/www.otobilisim.com\/hizmet\/wp-json\/wp\/v2\/pages\/64\/revisions\/461"}],"wp:featuredmedia":[{"embeddable":true,"href":"https:\/\/www.otobilisim.com\/hizmet\/wp-json\/wp\/v2\/media\/67"}],"wp:attachment":[{"href":"https:\/\/www.otobilisim.com\/hizmet\/wp-json\/wp\/v2\/media?parent=64"}],"curies":[{"name":"wp","href":"https:\/\/api.w.org\/{rel}","templated":true}]}}