{"id":57,"date":"2021-06-20T08:13:58","date_gmt":"2021-06-20T08:13:58","guid":{"rendered":"https:\/\/www.bursachiptuning.com\/?page_id=57"},"modified":"2021-06-20T10:36:22","modified_gmt":"2021-06-20T10:36:22","slug":"hiz-limitoru-iptali","status":"publish","type":"page","link":"https:\/\/www.otobilisim.com\/hizmet\/hiz-limitoru-iptali\/","title":{"rendered":"H\u0131z Limit\u00f6r\u00fc \u0130ptali"},"content":{"rendered":"<p><strong>T\u00fcm marka ve modeldeki Kamyon, T\u0131r, Otob\u00fcs, Kamyonet, \u0130\u015f Makineleri ve Trakt\u00f6rlerinizin H\u0131z Limit\u00f6r\u00fc (Speed Limiter) ve \u0130ptali i\u015flemlerini garantili bir \u015fekilde yap\u0131yoruz.<\/strong><\/p>\n<p>Otomobil fabrikalar\u0131, \u00fclkelere g\u00f6re de\u011fi\u015fen standartlarda \u00e7e\u015fitli nedenlerle \u00fcrettikleri ara\u00e7lara h\u0131z s\u0131n\u0131rlay\u0131c\u0131 (limit\u00f6r) koyarlar. Bu s\u0131n\u0131rlay\u0131c\u0131, arac\u0131n\u0131z\u0131n belli bir h\u0131zdan yukar\u0131 \u00e7\u0131kmas\u0131na motorunuzun g\u00fcc\u00fc yetebilecekken engellemektedir. Kimi zaman da \u015firketlerde kullanmak i\u00e7in al\u0131nan ara\u00e7lar\u0131n, \u015firket talebi do\u011frultusunda h\u0131zlar\u0131 limitlenmektedir. Fabrikan\u0131n ara\u00e7lar\u0131n\u0131za koydu\u011fu h\u0131z limitlerini iste\u011finize g\u00f6re revize edebilir, ya da tamamen kald\u0131rabiliriz.<\/p>\n<hr \/>\n<p style=\"text-align: center;\">H\u0131z Limit\u00f6r\u00fc (Speed Limiter) ve \u0130ptali i\u015flemlerinde Volswagen, Seat, Opel, Honda, Fiat, Toyota, Alfa Romeo, Skoda, Mazda, Renault, Chevrolet, Ford, Kia, Hyundai, Peugeot, Subaru, Citroen, Mitsubishi ve di\u011fer markalara hizmet verilmektedir.<\/p>\n<p style=\"text-align: center;\">V\u0130P H\u0130ZMET\u0130M\u0130Z Porsche, Mini, Land Rover, Mercedes, Bmw, Audi, Volvo, Aston Martin, Bentley, Bugatti, Ferrari, Lamborghini, Jeep ara\u00e7lar\u0131n\u0131z i\u00e7in l\u00fctfen bizi aray\u0131n!<\/p>\n<h4 dir=\"auto\" style=\"text-align: center;\"><a href=\"tel:0536 887 45 34\">\u015e\u0130MD\u0130 ARAYIN!<\/a>\u00a0|\u00a0<a href=\"https:\/\/api.whatsapp.com\/send?phone=+905368874534&amp;text=BURSACHIPTUNING.COM%20WhatsApp%20Destek\">WHATSAPP DESTEK<\/a><\/h4>\n<h4 dir=\"auto\" style=\"text-align: center;\">0536 887 45 34<\/h4>\n<hr \/>\n<p>Bursa Chip Tuning olarak her marka ve model ara\u00e7ta h\u0131z limit\u00f6r\u00fc iptali i\u015flemini uygulayabilmekteyiz. H\u0131z limiti iptal i\u015fleminde arac\u0131n\u0131z\u0131n motor kontrol \u00fcnitesinde (ECU) bulunan orjinal yaz\u0131l\u0131m \u00f6zel cihazlarla okunmaktad\u0131r. Okunan yaz\u0131l\u0131m uzmanlar\u0131m\u0131z taraf\u0131ndan h\u0131z limit\u00f6r\u00fc iptali uygulamas\u0131 i\u00e7in d\u00fczenlenir. D\u00fczenlenen yaz\u0131l\u0131m gerekli kontrolleri yap\u0131larak, yine \u00f6zel cihazlar yard\u0131m\u0131yla arac\u0131n\u0131z\u0131n motor beynine geri yazd\u0131r\u0131l\u0131r. Bu sayede arac\u0131n\u0131z\u0131n h\u0131z limit\u00f6r\u00fc iptali ger\u00e7eklemi\u015f olur.<img loading=\"lazy\" class=\"wp-image-59 size-full aligncenter\" src=\"https:\/\/www.bursachiptuning.com\/wp-content\/uploads\/2021\/06\/hiz-gostergesi.jpg\" alt=\"\" width=\"642\" height=\"300\" srcset=\"https:\/\/www.otobilisim.com\/hizmet\/wp-content\/uploads\/2021\/06\/hiz-gostergesi.jpg 642w, https:\/\/www.otobilisim.com\/hizmet\/wp-content\/uploads\/2021\/06\/hiz-gostergesi-300x140.jpg 300w\" sizes=\"(max-width: 642px) 100vw, 642px\" \/><\/p>\n<p>Piyasada \u00e7ok say\u0131da oto servisi h\u0131z limit\u00f6r\u00fc kald\u0131rma i\u015flemi yapmaya \u00e7al\u0131\u015fmakta olup, \u00f6zellikle donan\u0131m olarak yetersiz olduklar\u0131 i\u00e7in motor beynine zarar vermektedirler. H\u0131z limit\u00f6r\u00fc iptalini mutlaka profesyonel servislere yapt\u0131rmal\u0131s\u0131n\u0131z. Bursa Chip Tuning olarak arac\u0131n\u0131za profesyonel cihazlar\u0131m\u0131z ve yaz\u0131l\u0131m konusunda tecr\u00fcbeli ekibimiz ile birlikte gerekli i\u015flemleri garantili olarak uygulamaktay\u0131z.<\/p>\n","protected":false},"excerpt":{"rendered":"<p>T\u00fcm marka ve modeldeki Kamyon, T\u0131r, Otob\u00fcs, Kamyonet, \u0130\u015f Makineleri ve Trakt\u00f6rlerinizin H\u0131z Limit\u00f6r\u00fc (Speed Limiter) ve \u0130ptali i\u015flemlerini garantili bir \u015fekilde yap\u0131yoruz. Otomobil fabrikalar\u0131, \u00fclkelere g\u00f6re de\u011fi\u015fen standartlarda \u00e7e\u015fitli nedenlerle \u00fcrettikleri ara\u00e7lara h\u0131z s\u0131n\u0131rlay\u0131c\u0131 (limit\u00f6r) koyarlar. Bu s\u0131n\u0131rlay\u0131c\u0131, arac\u0131n\u0131z\u0131n belli bir h\u0131zdan yukar\u0131 \u00e7\u0131kmas\u0131na motorunuzun g\u00fcc\u00fc yetebilecekken engellemektedir. Kimi zaman da \u015firketlerde kullanmak i\u00e7in [&hellip;]<\/p>\n","protected":false},"author":1,"featured_media":66,"parent":0,"menu_order":0,"comment_status":"closed","ping_status":"closed","template":"","meta":{"ngg_post_thumbnail":0},"aioseo_notices":[],"_links":{"self":[{"href":"https:\/\/www.otobilisim.com\/hizmet\/wp-json\/wp\/v2\/pages\/57"}],"collection":[{"href":"https:\/\/www.otobilisim.com\/hizmet\/wp-json\/wp\/v2\/pages"}],"about":[{"href":"https:\/\/www.otobilisim.com\/hizmet\/wp-json\/wp\/v2\/types\/page"}],"author":[{"embeddable":true,"href":"https:\/\/www.otobilisim.com\/hizmet\/wp-json\/wp\/v2\/users\/1"}],"replies":[{"embeddable":true,"href":"https:\/\/www.otobilisim.com\/hizmet\/wp-json\/wp\/v2\/comments?post=57"}],"version-history":[{"count":4,"href":"https:\/\/www.otobilisim.com\/hizmet\/wp-json\/wp\/v2\/pages\/57\/revisions"}],"predecessor-version":[{"id":80,"href":"https:\/\/www.otobilisim.com\/hizmet\/wp-json\/wp\/v2\/pages\/57\/revisions\/80"}],"wp:featuredmedia":[{"embeddable":true,"href":"https:\/\/www.otobilisim.com\/hizmet\/wp-json\/wp\/v2\/media\/66"}],"wp:attachment":[{"href":"https:\/\/www.otobilisim.com\/hizmet\/wp-json\/wp\/v2\/media?parent=57"}],"curies":[{"name":"wp","href":"https:\/\/api.w.org\/{rel}","templated":true}]}}