{"id":51,"date":"2021-06-20T07:51:51","date_gmt":"2021-06-20T07:51:51","guid":{"rendered":"https:\/\/www.bursachiptuning.com\/?page_id=51"},"modified":"2022-01-16T16:26:28","modified_gmt":"2022-01-16T16:26:28","slug":"adblue-iptali","status":"publish","type":"page","link":"https:\/\/www.otobilisim.com\/hizmet\/adblue-iptali\/","title":{"rendered":"AdBlue \u0130ptali | kfi-flowchart"},"content":{"rendered":"<h3>ADBLUE nedir? Ne ama\u00e7la kullan\u0131l\u0131r?<\/h3>\n<p>AdBlue sistemlerinde bilgi ve tecr\u00fcbesiyle en iyi hizmeti sunan Oto Bili\u015fim, T\u00fcm marka ve modeldeki Binek Ara\u00e7, Kamyon, T\u0131r, Otob\u00fcs, Kamyonet, \u0130\u015f Makineleri ve Trakt\u00f6rlerinizin AdBlue i\u015flemlerini garantili bir \u015fekilde yapmaktad\u0131r.<\/p>\n<p>ADBLUE Otomotiv End\u00fcstrisi Derne\u011fi (VDA) firmas\u0131na ait ticari bir markad\u0131r. \u0130\u00e7eri\u011fine bak\u0131ld\u0131\u011f\u0131 zaman su bazl\u0131 \u00fcre \u00e7\u00f6zeltisi olarak \u00f6zetlenebilmektedir. Bu \u00e7\u00f6zelti, piyasadaki en b\u00fcy\u00fck \u00fcretici AdBlue oldu\u011fu i\u00e7in d\u00fcnyan\u0131n pek \u00e7ok yerinde marka ad\u0131yla an\u0131lmaktad\u0131r. %37.5 temizlenmi\u015f \u00fcre ve %67.5 sudan olu\u015fmaktad\u0131r.<\/p>\n<hr>\n<p>\u0130stedi\u011finiz \u00dcr\u00fcne ait detayl\u0131 bilgi, fiyat i\u00e7in bizi arayabilir veya Whatsapp dan destek alabilirsiniz !<\/p>\n<h4 style=\"text-align: center;\"><a href=\"tel:0224 441 16 26\"><strong>0224 441 16 26<\/strong><\/a>&nbsp; |&nbsp;&nbsp;<a href=\"tel:05315731363\"><strong>0531&nbsp;573 13 63<\/strong><\/a><\/h4>\n<p>WhatsApp \u00fczerinden mesajla\u015farak sorular\u0131n\u0131z\u0131, hizmet ve \u00fcr\u00fcnler hakk\u0131nda destek alabilirsiniz!<\/p>\n<p><a href=\"https:\/\/api.whatsapp.com\/send?phone=+905315731363&amp;text=otobilisim.com%20WhatsApp%20Destek\"><img loading=\"lazy\" class=\"wp-image-388 size-full aligncenter\" src=\"https:\/\/www.otobilisim.com\/wp-content\/uploads\/2022\/01\/whatsappotobilisim.jpg\" alt=\"\" width=\"400\" height=\"73\" srcset=\"https:\/\/www.otobilisim.com\/hizmet\/wp-content\/uploads\/2022\/01\/whatsappotobilisim.jpg 400w, https:\/\/www.otobilisim.com\/hizmet\/wp-content\/uploads\/2022\/01\/whatsappotobilisim-300x55.jpg 300w\" sizes=\"(max-width: 400px) 100vw, 400px\" \/><\/a><\/p>\n<hr>\n<p>Volkswagen, Seat, Opel, Honda, Fiat, Toyota, Alfa Romeo, Skoda, Mazda, Renault, Chevrolet, Ford, Kia, Hyundai, Peugeot, Citroen, Subaru ve di\u011fer markalara hizmet verilmektedir.<\/p>\n<p>V\u0130P H\u0130ZMET\u0130M\u0130Z Porsche, Mini, Land Rover, Mercedes, Bmw, Audi, Volvo ara\u00e7lar\u0131n\u0131z i\u00e7in l\u00fctfen bizi aray\u0131n!<\/p>\n<p><img loading=\"lazy\" class=\"wp-image-52 aligncenter\" src=\"https:\/\/www.bursachiptuning.com\/wp-content\/uploads\/2021\/06\/adblueiptalibursa.jpg\" alt=\"\" width=\"550\" height=\"309\" srcset=\"https:\/\/www.otobilisim.com\/hizmet\/wp-content\/uploads\/2021\/06\/adblueiptalibursa.jpg 880w, https:\/\/www.otobilisim.com\/hizmet\/wp-content\/uploads\/2021\/06\/adblueiptalibursa-300x169.jpg 300w, https:\/\/www.otobilisim.com\/hizmet\/wp-content\/uploads\/2021\/06\/adblueiptalibursa-768x432.jpg 768w\" sizes=\"(max-width: 550px) 100vw, 550px\" \/><\/p>\n<h3>AdBlue ne i\u015fe yarar?<\/h3>\n<p>\u0130lk olarak AdBlue sisteminin arac\u0131n\u0131z\u0131n yak\u0131t t\u00fcketimini azaltmad\u0131\u011f\u0131n\u0131 belirtmek gerekiyor. \u00c7\u00f6zeltinin amac\u0131 arac\u0131n\u0131z\u0131n yak\u0131t tasarrfufuna katk\u0131 sa\u011flamak de\u011fil, arac\u0131n\u0131z\u0131n egzoz emisyon sal\u0131n\u0131m\u0131n\u0131 d\u00fc\u015f\u00fcrmektir. Egzoz Sitemine kar\u0131\u015ft\u0131r\u0131lan bu \u00e7\u00f6zelti zararl\u0131 Azotoksit (NOx) gazlar\u0131n\u0131 par\u00e7alayarak nitrojen ve su buhar\u0131na d\u00f6n\u00fc\u015fmesini sa\u011flamay\u0131 ve zehirli gaz sal\u0131n\u0131m\u0131n\u0131 azaltmay\u0131 hedeflemektedir.<\/p>\n<h3>ADBLUE Nas\u0131l \u00c7al\u0131\u015f\u0131r?<\/h3>\n<p>Avrupa Birli\u011fi \u00fclkelerinde 1 Eyl\u00fcl 2014 tarihinde y\u00fcr\u00fcrl\u00fc\u011fe giren egzoz gaz\u0131 emisyon mevzuat\u0131 ile EURO 6 emisyon standard\u0131 kabul edilmi\u015f oldu. Bu standarttaki ara\u00e7lar\u0131n egzoz sistemlerinde Dizel Partik\u00fcl Filtresine ek olarak SCR(Slective Catalytic Redictuon) yani se\u00e7ici katalitik indirgeme sistemi kullan\u0131lm\u0131\u015ft\u0131r. Bu sistemde metal kataliz\u00f6r\u00fcn \u00fczerine AdBlue s\u0131v\u0131s\u0131 P\u00fcsk\u00fcrt\u00fclerek NOx gazlar\u0131n\u0131n nitrojen ve su buhar\u0131na d\u00f6n\u00fc\u015fmesini sa\u011flamaktad\u0131r.<\/p>\n<h3>AdBlue biterse ne olur?<\/h3>\n<p>Arac\u0131n\u0131z\u0131n motoruna hi\u00e7 bir etkisi yoktur, AdBlue bitse dahi arac\u0131n\u0131z\u0131 kullanmaya devam edebilirsiniz ancak egzoz emisyonu y\u00fckselece\u011fi i\u00e7in konta\u011f\u0131 kapatt\u0131ktan sonra AdBlue tank\u0131n\u0131 doldurana kadar arac\u0131n\u0131z \u00e7al\u0131\u015fmayacakt\u0131r.<\/p>\n<h3>AdBlue uyar\u0131s\u0131 durumunda ne yap\u0131lmal\u0131?<\/h3>\n<p>AdBlue tank\u0131n\u0131n dolulu\u011fu kontrol edilerek \u00e7\u00f6zeltinin bitmesi durumunda tamamlanmas\u0131 gereklidir. Ancak tank dolu oldu\u011fu halde uyar\u0131 devam ediyorsa AdBlue sisteminde ya da SCR sisteminde bir ar\u0131za meydana gelmi\u015ftir. Arac\u0131n\u0131z\u0131 servisinizde kontrol ettirmelisiniz.<\/p>\n<h3>AdBlue Sisteminin Onar\u0131m Maliyeti Nedir?<\/h3>\n<p>Arac\u0131n\u0131z\u0131n marka ve modeline ba\u011fl\u0131 olarak de\u011fi\u015fmekle birlikte AdBlue sisteminin de\u011fi\u015fim maliyeti olduk\u00e7a y\u00fcksektir. Ortalama olarak 4.000 TL \u2013 14.000 TL aras\u0131nda bir maaliyet \u00e7\u0131kmaktad\u0131r.<\/p>\n<p>Son \u00e7\u00f6z\u00fcm olarak AdBlue iptali,<\/p>\n<p>Bu i\u015flem di\u011fer i\u015flemlere g\u00f6re en ekonomik ve en sorunsuz y\u00f6ntemdir. E\u011fer profesyonel bir AdBlue iptali sunan bir i\u015fletmeye bu i\u015flemi yapt\u0131r\u0131rsan\u0131z \u00f6m\u00fcr boyu bir daha arac\u0131n\u0131z bu sistem ilgili hi\u00e7 bir ar\u0131za vermemektedir. Y\u0131ld\u0131z Chp Tuning olarak arac\u0131n\u0131z\u0131n bu ar\u0131zas\u0131n\u0131 2 y\u0131l garantili ve en ekonomik \u015fekilde sunmaktay\u0131z. Yap\u0131lan i\u015flem sonras\u0131 kesinlikle arac\u0131n di\u011fer hi\u00e7 bir par\u00e7as\u0131 etkilenmemektedir. Yani arac\u0131n\u0131za ba\u015fka bir ar\u0131za olu\u015fturmamaktad\u0131r.<\/p>\n<h3>AdBlue iptali sonras\u0131 muayeneden ge\u00e7ebilir miyim?<\/h3>\n<p>Yukar\u0131da belirtildi\u011fi gibi e\u011fer profesyonel hizmet ald\u0131ysan\u0131z %100 muayeneden sorunsuz ge\u00e7ebilirsiniz.<\/p>\n<p>\u201cNot: Bu i\u015flem arac\u0131n\u0131z i\u00e7in bir kez yap\u0131l\u0131p \u00f6m\u00fcr boyu sorunsuz kullanman\u0131z\u0131 sa\u011flamaktad\u0131r.\u201d<\/p>\n<h3>AdBlue iptali araca zarar verir mi?<\/h3>\n<p>Profesyonel olarak yap\u0131lan lisansl\u0131 bir i\u015flem ise araca hi\u00e7bir zarar vermemektedir.<\/p>\n<h3>AdBlue iptalini nerede yapt\u0131rabilirim ve ileti\u015fim nas\u0131l sa\u011flar\u0131m?<\/h3>\n<section class=\"vc_rows wpb_row vc_row-fluid\">\n<div class=\"container\">\n<div class=\"row\">\n<div class=\"wpb_column vc_column_container vc_col-sm-12\">\n<div class=\"vc_column-inner\">\n<div class=\"wpb_wrapper\">\n<div class=\"wpb_text_column wpb_content_element \">\n<div class=\"wpb_wrapper\">\n<p>AdBlue iptalini Bursa Chip Tuning\u2019e garantili bir \u015fekilde yapt\u0131rabilirsiniz.<\/p>\n<\/div>\n<\/div>\n<\/div>\n<\/div>\n<\/div>\n<\/div>\n<\/div>\n<div class=\"clearfix\">&nbsp;<\/div>\n<\/section>\n","protected":false},"excerpt":{"rendered":"<p>ADBLUE nedir? Ne ama\u00e7la kullan\u0131l\u0131r? AdBlue sistemlerinde bilgi ve tecr\u00fcbesiyle en iyi hizmeti sunan Oto Bili\u015fim, T\u00fcm marka ve modeldeki Binek Ara\u00e7, Kamyon, T\u0131r, Otob\u00fcs, Kamyonet, \u0130\u015f Makineleri ve Trakt\u00f6rlerinizin AdBlue i\u015flemlerini garantili bir \u015fekilde yapmaktad\u0131r. ADBLUE Otomotiv End\u00fcstrisi Derne\u011fi (VDA) firmas\u0131na ait ticari bir markad\u0131r. \u0130\u00e7eri\u011fine bak\u0131ld\u0131\u011f\u0131 zaman su bazl\u0131 \u00fcre \u00e7\u00f6zeltisi olarak \u00f6zetlenebilmektedir. [&hellip;]<\/p>\n","protected":false},"author":1,"featured_media":399,"parent":0,"menu_order":0,"comment_status":"closed","ping_status":"closed","template":"","meta":{"ngg_post_thumbnail":0},"aioseo_notices":[],"_links":{"self":[{"href":"https:\/\/www.otobilisim.com\/hizmet\/wp-json\/wp\/v2\/pages\/51"}],"collection":[{"href":"https:\/\/www.otobilisim.com\/hizmet\/wp-json\/wp\/v2\/pages"}],"about":[{"href":"https:\/\/www.otobilisim.com\/hizmet\/wp-json\/wp\/v2\/types\/page"}],"author":[{"embeddable":true,"href":"https:\/\/www.otobilisim.com\/hizmet\/wp-json\/wp\/v2\/users\/1"}],"replies":[{"embeddable":true,"href":"https:\/\/www.otobilisim.com\/hizmet\/wp-json\/wp\/v2\/comments?post=51"}],"version-history":[{"count":6,"href":"https:\/\/www.otobilisim.com\/hizmet\/wp-json\/wp\/v2\/pages\/51\/revisions"}],"predecessor-version":[{"id":410,"href":"https:\/\/www.otobilisim.com\/hizmet\/wp-json\/wp\/v2\/pages\/51\/revisions\/410"}],"wp:featuredmedia":[{"embeddable":true,"href":"https:\/\/www.otobilisim.com\/hizmet\/wp-json\/wp\/v2\/media\/399"}],"wp:attachment":[{"href":"https:\/\/www.otobilisim.com\/hizmet\/wp-json\/wp\/v2\/media?parent=51"}],"curies":[{"name":"wp","href":"https:\/\/api.w.org\/{rel}","templated":true}]}}