{"id":5,"date":"2021-06-11T21:10:27","date_gmt":"2021-06-11T21:10:27","guid":{"rendered":"https:\/\/www.bursachiptuning.com\/?page_id=5"},"modified":"2022-01-18T06:51:19","modified_gmt":"2022-01-18T06:51:19","slug":"ana-sayfa","status":"publish","type":"page","link":"https:\/\/www.otobilisim.com\/hizmet\/","title":{"rendered":"Ana Sayfa"},"content":{"rendered":"<p>Oto Bili\u015fim, Ara\u00e7 Ar\u0131za Tespit Cihazlar\u0131, Oto Chip Tuning, Oto Performans Yaz\u0131l\u0131mlar\u0131, Emulet\u00f6r \u00c7e\u015fitleri, Ecu Programmer, Ecu Programlama Cihazlar\u0131, Binek Ara\u00e7 Ar\u0131za Tespit Cihaz\u0131, A\u011f\u0131r Vas\u0131ta Ar\u0131za Tespit Cihaz\u0131, Otob\u00fcs Ar\u0131za Tespit Cihaz\u0131, Kamyon Ar\u0131za Takip Cihaz\u0131, \u0130\u015f Makinas\u0131 Ar\u0131za Tespit Cihaz\u0131<\/p>\n","protected":false},"excerpt":{"rendered":"<p>Oto Bili\u015fim, Ara\u00e7 Ar\u0131za Tespit Cihazlar\u0131, Oto Chip Tuning, Oto Performans Yaz\u0131l\u0131mlar\u0131, Emulet\u00f6r \u00c7e\u015fitleri, Ecu Programmer, Ecu Programlama Cihazlar\u0131, Binek Ara\u00e7 Ar\u0131za Tespit Cihaz\u0131, A\u011f\u0131r Vas\u0131ta Ar\u0131za Tespit Cihaz\u0131, Otob\u00fcs Ar\u0131za Tespit Cihaz\u0131, Kamyon Ar\u0131za Takip Cihaz\u0131, \u0130\u015f Makinas\u0131 Ar\u0131za Tespit Cihaz\u0131<\/p>\n","protected":false},"author":1,"featured_media":0,"parent":0,"menu_order":0,"comment_status":"closed","ping_status":"closed","template":"pages\/home.php","meta":{"ngg_post_thumbnail":0},"aioseo_notices":[],"_links":{"self":[{"href":"https:\/\/www.otobilisim.com\/hizmet\/wp-json\/wp\/v2\/pages\/5"}],"collection":[{"href":"https:\/\/www.otobilisim.com\/hizmet\/wp-json\/wp\/v2\/pages"}],"about":[{"href":"https:\/\/www.otobilisim.com\/hizmet\/wp-json\/wp\/v2\/types\/page"}],"author":[{"embeddable":true,"href":"https:\/\/www.otobilisim.com\/hizmet\/wp-json\/wp\/v2\/users\/1"}],"replies":[{"embeddable":true,"href":"https:\/\/www.otobilisim.com\/hizmet\/wp-json\/wp\/v2\/comments?post=5"}],"version-history":[{"count":4,"href":"https:\/\/www.otobilisim.com\/hizmet\/wp-json\/wp\/v2\/pages\/5\/revisions"}],"predecessor-version":[{"id":495,"href":"https:\/\/www.otobilisim.com\/hizmet\/wp-json\/wp\/v2\/pages\/5\/revisions\/495"}],"wp:attachment":[{"href":"https:\/\/www.otobilisim.com\/hizmet\/wp-json\/wp\/v2\/media?parent=5"}],"curies":[{"name":"wp","href":"https:\/\/api.w.org\/{rel}","templated":true}]}}