{"id":36,"date":"2021-06-16T20:41:10","date_gmt":"2021-06-16T20:41:10","guid":{"rendered":"https:\/\/www.bursachiptuning.com\/?page_id=36"},"modified":"2022-01-16T16:27:59","modified_gmt":"2022-01-16T16:27:59","slug":"egr-iptali","status":"publish","type":"page","link":"https:\/\/www.otobilisim.com\/hizmet\/egr-iptali\/","title":{"rendered":"EGR \u0130ptali | kfi-flowchart"},"content":{"rendered":"<p>EGR a\u00e7\u0131l\u0131m olarak Exhaust Gas Racirculation yani T\u00fcrk\u00e7e ifade edecek olur isek Egzoz Gaz\u0131 geri d\u00f6n\u00fc\u015f\u00fcm\u00fc anlam\u0131na gelmektedir. Kara ta\u015f\u0131tlar\u0131nda yer alan ve elektropn\u00f6matik bile\u015fenler i\u00e7eren bir valf olan EGR gaz\u0131n egzoz i\u00e7erisinde devir daim i\u015flemlerinde aktif bir rol almaktad\u0131r. Dolay\u0131s\u0131 ile arac\u0131n performans\u0131na ve zaman i\u00e7erisinde paslanma, kirlenme ve y\u0131pranmalar nedeni ile zarar veren EGR arac\u0131n ar\u0131zalanmas\u0131na da neden olmaktad\u0131r.<\/p>\n<hr>\n<p>\u0130stedi\u011finiz \u00dcr\u00fcne ait detayl\u0131 bilgi, fiyat i\u00e7in bizi arayabilir veya Whatsapp dan destek alabilirsiniz !<\/p>\n<h4 style=\"text-align: center;\"><a href=\"tel:0224 441 16 26\"><strong>0224 441 16 26<\/strong><\/a>&nbsp; |&nbsp;&nbsp;<a href=\"tel:05315731363\"><strong>0531&nbsp;573 13 63<\/strong><\/a><\/h4>\n<p>WhatsApp \u00fczerinden mesajla\u015farak sorular\u0131n\u0131z\u0131, hizmet ve \u00fcr\u00fcnler hakk\u0131nda destek alabilirsiniz!<\/p>\n<p><a href=\"https:\/\/api.whatsapp.com\/send?phone=+905315731363&amp;text=otobilisim.com%20WhatsApp%20Destek\"><img loading=\"lazy\" class=\"wp-image-388 size-full aligncenter\" src=\"https:\/\/www.otobilisim.com\/wp-content\/uploads\/2022\/01\/whatsappotobilisim.jpg\" alt=\"\" width=\"400\" height=\"73\" srcset=\"https:\/\/www.otobilisim.com\/hizmet\/wp-content\/uploads\/2022\/01\/whatsappotobilisim.jpg 400w, https:\/\/www.otobilisim.com\/hizmet\/wp-content\/uploads\/2022\/01\/whatsappotobilisim-300x55.jpg 300w\" sizes=\"(max-width: 400px) 100vw, 400px\" \/><\/a><\/p>\n<hr>\n<p>Volkswagen, Seat, Opel, Honda, Fiat, Toyota, Alfa Romeo, Skoda, Mazda, Renault, Chevrolet, Ford, Kia, Hyundai, Peugeot, Citroen, Subaru ve di\u011fer markalara hizmet verilmektedir.<\/p>\n<p>V\u0130P H\u0130ZMET\u0130M\u0130Z Porsche, Mini, Land Rover, Mercedes, Bmw, Audi, Volvo ara\u00e7lar\u0131n\u0131z i\u00e7in l\u00fctfen bizi aray\u0131n!<\/p>\n<h1>&nbsp;<strong>EGR Nas\u0131l \u00c7al\u0131\u015f\u0131r?<\/strong><\/h1>\n<p>Silindir yanma odas\u0131na g\u00f6nderilen yak\u0131t ve oksijen \u00e7ok y\u00fcksek derecelerde yanmaktad\u0131r. Ayr\u0131ca bu kadar y\u00fcksek derecelerde NOx gaz\u0131 olu\u015fumunun ger\u00e7ekle\u015fmemesi m\u00fcmk\u00fcn de\u011fildir. Bundan dolay\u0131 ise emisyonlar\u0131n artmas\u0131 ka\u00e7\u0131n\u0131lmaz bir durum olarak kar\u015f\u0131m\u0131za \u00e7\u0131kar.<\/p>\n<p>Motorun beyni, motorun y\u00fcklenme durumu, sens\u00f6r de\u011ferleri gibi verileri yorumlayarak s\u0131k s\u0131k EGR valfini belli aral\u0131klar i\u00e7erisinde a\u00e7\u0131p kapatmaktad\u0131r.<\/p>\n<p>Bundan dolay\u0131 EGR valfi a\u00e7\u0131k oldu\u011fu zamanlarda egzoz manifoldu i\u00e7erisinden \u00e7\u0131kan gaz\u0131n bir b\u00f6l\u00fcm\u00fc EGR yard\u0131m\u0131 ile yanma odas\u0131na geri g\u00f6nderilmektedir. Bu sayede i\u00e7erisindeki oksijen oran\u0131n\u0131 d\u00fc\u015f\u00fcrerek yanma s\u0131cakl\u0131\u011f\u0131n\u0131 \u00f6nemli bir oranda azaltmaktad\u0131r. D\u00fc\u015f\u00fck yanma s\u0131cakl\u0131\u011f\u0131nda ise NOx gazlar\u0131 eskisi kadar fazla olu\u015fmamakta ve bu sayede emisyonun d\u00fc\u015f\u00fcr\u00fclmesi i\u015flemi ger\u00e7ekle\u015ferek ara\u00e7 rahatlat\u0131lmaktad\u0131r.<\/p>\n<p>Buna ek olarak motora tam y\u00fcklenildi\u011fi zaman ise ara\u00e7tan performans istenilmi\u015f oldu\u011fundan dolay\u0131 EGR valfi motor beyni taraf\u0131ndan kapat\u0131larak yanma odas\u0131na egzoz gaz\u0131 g\u00f6ndermeyi kesmektedir. Bu sayede tamam\u0131 ile oksijen dolan yanma odas\u0131 daha fazla g\u00fc\u00e7 \u00fcretmektedir.<\/p>\n<h2>&nbsp;<strong>EGR Temizli\u011fi<\/strong><\/h2>\n<p>EGR valfi, i\u00e7inden ge\u00e7en egzoz gazlar\u0131 y\u00fcz\u00fcnden kirlenerek bir t\u0131kan\u0131kl\u0131\u011fa yol a\u00e7abilir. EGR ar\u0131zalanmalar\u0131na neden olan zaman, pas ve kurum gibi etkenler a\u00e7\u0131s\u0131ndan ise EGR d\u00fczene\u011fi s\u00fcrekli olarak temizlenmek zorundad\u0131r. Peki, bir EGR sisteminin temizlenme zaman\u0131n\u0131n geldi\u011fini nas\u0131l anlayaca\u011f\u0131z?<\/p>\n<p>\u00d6ncelikle egzoz borusundan koyu siyah dumanlar y\u00fckseliyor, motorunuz tekliyor ya da \u00e7al\u0131\u015fm\u0131yor ve motor \u0131s\u0131s\u0131 art\u0131yor ise anlay\u0131n ki temizlik yapma zaman\u0131n\u0131z gelmi\u015f de ge\u00e7iyor!<\/p>\n<p>Bunlara ek olarak yapt\u0131\u011f\u0131n\u0131z temizlik i\u015flemine ra\u011fmen motorda hala bir d\u00fczelme yok ise&nbsp;<strong>EGR iptali<\/strong>&nbsp;i\u015flemine ba\u015fvurman\u0131z ve motorunuzun yaz\u0131l\u0131m\u0131n\u0131 g\u00fcncellemeniz gerekmektedir.<\/p>\n","protected":false},"excerpt":{"rendered":"<p>EGR a\u00e7\u0131l\u0131m olarak Exhaust Gas Racirculation yani T\u00fcrk\u00e7e ifade edecek olur isek Egzoz Gaz\u0131 geri d\u00f6n\u00fc\u015f\u00fcm\u00fc anlam\u0131na gelmektedir. Kara ta\u015f\u0131tlar\u0131nda yer alan ve elektropn\u00f6matik bile\u015fenler i\u00e7eren bir valf olan EGR gaz\u0131n egzoz i\u00e7erisinde devir daim i\u015flemlerinde aktif bir rol almaktad\u0131r. Dolay\u0131s\u0131 ile arac\u0131n performans\u0131na ve zaman i\u00e7erisinde paslanma, kirlenme ve y\u0131pranmalar nedeni ile zarar veren [&hellip;]<\/p>\n","protected":false},"author":1,"featured_media":399,"parent":0,"menu_order":0,"comment_status":"closed","ping_status":"closed","template":"","meta":{"ngg_post_thumbnail":0},"aioseo_notices":[],"_links":{"self":[{"href":"https:\/\/www.otobilisim.com\/hizmet\/wp-json\/wp\/v2\/pages\/36"}],"collection":[{"href":"https:\/\/www.otobilisim.com\/hizmet\/wp-json\/wp\/v2\/pages"}],"about":[{"href":"https:\/\/www.otobilisim.com\/hizmet\/wp-json\/wp\/v2\/types\/page"}],"author":[{"embeddable":true,"href":"https:\/\/www.otobilisim.com\/hizmet\/wp-json\/wp\/v2\/users\/1"}],"replies":[{"embeddable":true,"href":"https:\/\/www.otobilisim.com\/hizmet\/wp-json\/wp\/v2\/comments?post=36"}],"version-history":[{"count":5,"href":"https:\/\/www.otobilisim.com\/hizmet\/wp-json\/wp\/v2\/pages\/36\/revisions"}],"predecessor-version":[{"id":412,"href":"https:\/\/www.otobilisim.com\/hizmet\/wp-json\/wp\/v2\/pages\/36\/revisions\/412"}],"wp:featuredmedia":[{"embeddable":true,"href":"https:\/\/www.otobilisim.com\/hizmet\/wp-json\/wp\/v2\/media\/399"}],"wp:attachment":[{"href":"https:\/\/www.otobilisim.com\/hizmet\/wp-json\/wp\/v2\/media?parent=36"}],"curies":[{"name":"wp","href":"https:\/\/api.w.org\/{rel}","templated":true}]}}